{"id":7778,"date":"2014-04-23T10:38:38","date_gmt":"2014-04-23T10:38:38","guid":{"rendered":"http:\/\/lawyers-attorneys.vamtam.com\/?page_id=7778"},"modified":"2021-10-18T21:59:19","modified_gmt":"2021-10-19T04:59:19","slug":"nosotros","status":"publish","type":"page","link":"https:\/\/rudolphderegil.com\/en\/nosotros\/","title":{"rendered":"About Us"},"content":{"rendered":"<div class=\"row\"><div class=\"wpv-grid grid-1-1  wpv-first-level first unextended\" style=\"padding-top:0px;padding-bottom:0px\" id=\"about-content\" ><div class=\"row\"><div class=\"wpv-grid grid-1-1  first unextended\" style=\"padding-top:0px;padding-bottom:0px\" id=\"wpv-column-3f30c6f299facf5fd9ccd2b1ae418326\" ><div class=\"push\" style='margin-bottom:-66px'><\/div><img loading=\"lazy\" decoding=\"async\" class=\"size-full wp-image-987848 aligncenter\" src=\"http:\/\/rudolphderegil.com\/wp-content\/uploads\/2021\/10\/nosotros-sellos.png\" alt=\"\" width=\"300\" height=\"162\" srcset=\"https:\/\/rudolphderegil.com\/wp-content\/uploads\/2021\/10\/nosotros-sellos.png 300w, https:\/\/rudolphderegil.com\/wp-content\/uploads\/2021\/10\/nosotros-sellos-262x141.png 262w\" sizes=\"auto, (max-width: 300px) 100vw, 300px\" \/><\/p>\n<div class=\"push\" style='height:70px'><\/div><\/div><\/div>\n<div class=\"row\"><div class=\"wpv-grid grid-1-3  first unextended animation-from-bottom animated-active\" style=\"padding-top:0px;padding-bottom:0px\" id=\"wpv-column-e6e2e0a84cfcb17f9635f7f8185f2ddf\" ><div class=\"clearfix dropcap-wrapper\"><div class=\"dropcap-left\"><span class='dropcap1'>W<\/span><\/div><div class=\"dropcap-text\">e are a binational law firm with more than 30 years of experience<\/div> <\/div> <div class=\"push\" style='height:20px'><\/div>\n<p>Rudolph &amp; De Regil is a binational law firm based in Tijuana and San Diego, with more than 30 years of experience focused in helping our clients with their immigration needs. We offer 100% personalized attention.<\/div>\n<div class=\"wpv-grid grid-1-3  unextended animation-from-bottom animated-active\" style=\"padding-top:0px;padding-bottom:0px\" id=\"wpv-column-39cea107b6033669c9b0970725b16a98\" ><div class=\"clearfix dropcap-wrapper\"><div class=\"dropcap-left\"><span class='dropcap1'>W<\/span><\/div><div class=\"dropcap-text\">e serve more than 600 new clients each month<\/div> <\/div> <div class=\"push\" style='height:20px'><\/div>\n<p>We help out clients in a monthly basis to help them through their immigration process.<\/p>\n<p>We help families, enterprises and professionals in Mexico and the US, giving binational corporate immigration services, as well as staffing and law consultancy.<\/div>\n<div class=\"wpv-grid grid-1-3  unextended animation-from-bottom animated-active\" style=\"padding-top:0px;padding-bottom:0px\" id=\"wpv-column-ee12e96ac12241980d85ddcc40705944\" ><div class=\"clearfix dropcap-wrapper\"><div class=\"dropcap-left\"><span class='dropcap1'>W<\/span><\/div><div class=\"dropcap-text\">e have helped more than 40 thousand people with their immigration needs<\/div> <\/div> <div class=\"push\" style='height:20px'><\/div>\n<p>Our team is composed by more than 60 immigration experts located through 3 offices in San Diego and Tijuana.<\/p>\n<p><a href=\"http:\/\/rudolphderegil.com\/index.php\/abogados\/\"><span class=\"vamtam-font-style-2\">Meet our founders \u2192 <\/span><\/a><\/div><\/div><\/div><\/div>\n<div class=\"push\" style='height:30px'><\/div>\n\t\t<h2 class=\"text-divider-double\">\t\t\t\nOUR AREAS OF SERVICE\n<div class=\"push\" style='height:20px'><\/div>\n\t\t<\/h2>\t\t<div class=\"sep\"><\/div>\t\n<div class=\"push\" style='margin-bottom:-32px'><\/div>\n<div class=\"row\"><div class=\"wpv-grid grid-1-1  wpv-first-level first has-background extended\" style=\"background-color:#ffffff;padding-top:0px;padding-bottom:0px\" id=\"wpv-column-6173b6bf1cb26cc12408a71de63cde1f\" ><div class=\"extended-column-inner\"><style>#wpv-column-6173b6bf1cb26cc12408a71de63cde1f p,#wpv-column-6173b6bf1cb26cc12408a71de63cde1f em,#wpv-column-6173b6bf1cb26cc12408a71de63cde1f .column-title,#wpv-column-6173b6bf1cb26cc12408a71de63cde1f .sep-text h2.regular-title-wrapper,#wpv-column-6173b6bf1cb26cc12408a71de63cde1f .text-divider-double,#wpv-column-6173b6bf1cb26cc12408a71de63cde1f .sep-text .sep-text-line,#wpv-column-6173b6bf1cb26cc12408a71de63cde1f .sep,#wpv-column-6173b6bf1cb26cc12408a71de63cde1f .sep-2,#wpv-column-6173b6bf1cb26cc12408a71de63cde1f .sep-3,#wpv-column-6173b6bf1cb26cc12408a71de63cde1f td,#wpv-column-6173b6bf1cb26cc12408a71de63cde1f th,#wpv-column-6173b6bf1cb26cc12408a71de63cde1f caption{color:#808080;}#wpv-column-6173b6bf1cb26cc12408a71de63cde1f:before{background-color:transparent;}<\/style><div class=\"row\"><div class=\"wpv-grid grid-1-4  first unextended animation-from-bottom animated-active\" style=\"padding-top:0px;padding-bottom:0px\" id=\"wpv-column-c448b667a08010ce69dfc36b2a3f273a\" >\n<div  data-target=\"_self\" class=\"linkarea clearfix accent6  background-accent1\">\n\t\t\t<div class=\"first\"><span class='icon shortcode theme  use-hover' style='font-size:46px !important;color:#ffffff;'>&#57506;<\/span><\/div>\n\t\t\t\t<div class=\"last\"><h3 style=\"text-align: center;\"><span class=\"accent-8\">E1 Investor Visa<\/span><\/h3>\n<p style=\"text-align: center;\"><span class=\"accent-8\">The E1 visa is intended for entrepreneurs who seek to start a comercial operations from the United States.<\/span><\/div>\n\t<\/div><\/div>\n<div class=\"wpv-grid grid-1-4  unextended animation-fade-in animated-active\" style=\"padding-top:0px;padding-bottom:0px\" id=\"wpv-column-62aa889a73185d62bf87c689fb23aa79\" >\n<div  data-target=\"_self\" class=\"linkarea clearfix accent6  background-accent2\">\n\t\t\t<div class=\"first\"><span class='icon shortcode theme  use-hover' style='font-size:46px !important;color:#ffffff;'>&#57506;<\/span><\/div>\n\t\t\t\t<div class=\"last\"><h3 style=\"text-align: center;\"><span class=\"accent-8\">E2 Investor Visa<\/span><\/h3>\n<p style=\"text-align: center;\"><span class=\"accent-8\">The E2 visa is destined for entrepreneur who wish to start or manage a business in which they have invested a substantial capital.<\/span><\/div>\n\t<\/div><\/div>\n<div class=\"wpv-grid grid-1-4  unextended animation-from-bottom animated-active\" style=\"padding-top:0px;padding-bottom:0px\" id=\"wpv-column-8376ddeea612793f1fff5c1907d22dfe\" >\n<div  data-target=\"_self\" class=\"linkarea clearfix accent2  background-accent1\">\n\t\t\t<div class=\"first\"><span class='icon shortcode theme  use-hover' style='font-size:46px !important;color:#ffffff;'>&#57537;<\/span><\/div>\n\t\t\t\t<div class=\"last\"><h3 style=\"text-align: center;\"><span class=\"accent-8\">I-130 Family Immigration Petitions<\/span><\/h3>\n<p style=\"text-align: center;\"><span class=\"accent-8\">If your spouse is a Legal Resident or US Citizen, or your children are US Citizens and more than 21 years old, we can work with you to achieve your Legal Resident status.<\/span><\/div>\n\t<\/div><\/div>\n<div class=\"wpv-grid grid-1-4  unextended animation-fade-in animated-active\" style=\"padding-top:0px;padding-bottom:0px\" id=\"wpv-column-c6f9020e41c7d0b2c65cd5b33a3ed961\" >\n<div  data-target=\"_self\" class=\"linkarea clearfix accent6  background-accent2\">\n\t\t\t<div class=\"first\"><span class='icon shortcode theme  use-hover' style='font-size:46px !important;color:#ffffff;'>&#57455;<\/span><\/div>\n\t\t\t\t<div class=\"last\"><h3 style=\"text-align: center;\"><span class=\"accent-8\">Consulting to Establish Binational Operations<\/span><\/h3>\n<p style=\"text-align: center;\"><span class=\"accent-8\">We offer strategic consultancy for those who want to start operations in the US, be it through a new enterprise, or through a subsidiary for a Mexico-based company to then, simultaneously, start working through said enterprise through a TN Visa.<\/span><\/div>\n\t<\/div><\/div><\/div>\n<div class=\"row\"><div class=\"wpv-grid grid-1-4  first unextended animation-fade-in animated-active\" style=\"padding-top:0px;padding-bottom:0px\" id=\"wpv-column-7cdd5fd7af2dc6cbc13751b8c46d0d64\" >\n<div  data-target=\"_self\" class=\"linkarea clearfix accent6  background-accent2\">\n\t\t\t<div class=\"first\"><span class='icon shortcode   use-hover' style='font-size:46px !important;color:#ffffff;'>&#57486;<\/span><\/div>\n\t\t\t\t<div class=\"last\"><h3 style=\"text-align: center;\"><span class=\"accent-8\">Professional Visas<\/span><\/h3>\n<p style=\"text-align: center;\"><span class=\"accent-8\">This Visa, known as the T1, allows certain Mexican professional to work temporarily in the US, hired by US-based companies. Some pros of this visa are:<\/span><\/p>\n<p style=\"text-align: center;\"><span class=\"accent-8\">\u2022 Easier application process<br \/>\n\u2022 Less legal requisites, both for the candidate and the future employer<br \/>\n\u2022 Shorter interview and approval times<br \/>\n\u2022 Lower rates<br \/>\n\u2022 Family can follow suit after approval has been completed<br \/>\n\u2022 No yearly limit for applications<br \/>\n\u2022 Part-time applications permitted<br \/>\n\u2022 Applicants are not required to live in the US<br \/>\n\u2022 W2 wage tax class<br \/>\n\u2022 English language courses or certifications not required<br \/>\n<\/span><\/div>\n\t<\/div><\/div>\n<div class=\"wpv-grid grid-1-4  unextended animation-from-left animated-active\" style=\"padding-top:0px;padding-bottom:0px\" id=\"wpv-column-68b08a96390add0f406e1572c5e0f82b\" >\n<div  data-target=\"_self\" class=\"linkarea clearfix accent6  background-accent1\">\n\t\t\t<div class=\"first\"><span class='icon shortcode theme  use-hover' style='font-size:46px !important;color:#ffffff;'>&#57487;<\/span><\/div>\n\t\t\t\t<div class=\"last\"><h3 style=\"text-align: center;\"><span class=\"accent-8\">Professional Visas with Placement<\/span><\/h3>\n<p style=\"text-align: center;\"><span class=\"accent-8\">Our firm works with US-based enterprises who require candidates to satisfy their qualified personnel needs. <\/span><\/p>\n<p style=\"text-align: center;\"><span class=\"accent-8\">As part of our work, we develop marketing strategies to attract, capture and filter leads, with the goal of providing a solid list of candidates that comply with the requisites requested by the US company.<\/span><\/p>\n<p style=\"text-align: center;\"><span class=\"accent-8\"><br \/>\nOver all, we also provide the needed legal services for the successful approval of each and every accepted candidate.<br \/>\n<\/span><\/div>\n\t<\/div><\/div>\n<div class=\"wpv-grid grid-1-4  unextended animation-fade-in animated-active\" style=\"padding-top:0px;padding-bottom:0px\" id=\"wpv-column-f66fc0e25cf12879e22e5ebd6ceef870\" >\n<div  data-target=\"_self\" class=\"linkarea clearfix accent6  background-accent2\">\n\t\t\t<div class=\"first\"><span class='icon shortcode theme  use-hover' style='font-size:46px !important;color:#ffffff;'>&#57463;<\/span><\/div>\n\t\t\t\t<div class=\"last\"><h3 style=\"text-align: center;\"><span class=\"accent-8\">Records, FOIA\/FBI fingerprints and consulate research<\/span><\/h3>\n<p style=\"text-align: center;\"><span class=\"accent-8\"> If you want to start an immigration process and want to know more information regarding your current status through different government offices. <\/span><\/p>\n<p style=\"text-align: center;\"><span class=\"accent-8\">For your safety, and to improve the success chances of your application, it's very important to know your status. By getting precise information, we can establish a better strategy.<\/span><\/p>\n<p style=\"text-align: center;\"><span class=\"accent-8\">Maybe you have been arrested or deported in the US and don't remember the details of these events, or maybe you don't know with certainty the status of previous immigration applications.<\/span><\/p>\n<p style=\"text-align: center;\"><span class=\"accent-8\">We can review your history and trace the best route for your successful application!<\/span><\/div>\n\t<\/div><\/div>\n<div class=\"wpv-grid grid-1-4  unextended animation-from-left animated-active\" style=\"padding-top:0px;padding-bottom:0px\" id=\"wpv-column-dd63e3a7188538de7e6889026bc74508\" >\n<div  data-target=\"_self\" class=\"linkarea clearfix accent6  background-accent1\">\n\t\t\t<div class=\"first\"><span class='icon shortcode   use-hover' style='font-size:46px !important;color:#ffffff;'>&#57945;<\/span><\/div>\n\t\t\t\t<div class=\"last\"><h3 style=\"text-align: center;\"><span class=\"accent-8\">Other Services<\/span><\/h3>\n<p style=\"text-align: center;\"><span class=\"accent-8\">We help companies and professionals in Mexico and the US through binational corporate immigration services,<br \/>\nstaffing, and law consulting.<\/span><\/p>\n<p style=\"text-align: center;\"><span class=\"accent-8\">Consulting and guidance through any US labor and immigration situation:<\/span><\/p>\n<p style=\"text-align: center;\"><span class=\"accent-8\">\u2022 Non-immigrant work visas<br \/>\n\u2022 Student visas<br \/>\n\u2022 Family petitions<br \/>\n\u2022 Investor visas and binational operations arrangement.<\/span><\/div>\n\t<\/div><\/div><\/div><\/div><\/div><\/div>\n<div class=\"push\" style='height:80px'><\/div>\n<div class=\"row\"><div class=\"wpv-grid grid-1-1  wpv-first-level first unextended animation-from-bottom animated-active\" style=\"padding-top:0px;padding-bottom:0px\" id=\"wpv-column-5c3e2bf65d199fc90580de2d7473ac78\" ><div class=\"push\" style='height:20px'><\/div>\n<p style=\"text-align: center;\"><span class=\"vamtam-font-style-1 with-color\">Members of the following organizations:<\/span><\/div><\/div>\n<div class=\"sep\"><\/div>\n<div class=\"row\"><div class=\"wpv-grid grid-1-1  wpv-first-level first unextended animation-fade-in animated-active\" style=\"padding-top:0px;padding-bottom:0px\" id=\"wpv-column-507bb95031f0ec9100ab7c492cccdeb6\" ><div class=\"row\"><div class=\"wpv-grid grid-1-1  first unextended\" style=\"padding-top:0px;padding-bottom:0px\" id=\"wpv-column-1ad4d13c579d552d9eb5da88d1c9b0ef\" >\n\t\t\t<!-- START PartnersLogos REVOLUTION SLIDER 6.5.4 --><p class=\"rs-p-wp-fix\"><\/p>\n\t\t\t<rs-module-wrap id=\"rev_slider_2_1_wrapper\" data-source=\"gallery\" style=\"visibility:hidden;background:#ffffff;padding:0;margin:0px auto;margin-top:0;margin-bottom:0;max-width:;\">\n\t\t\t\t<rs-module id=\"rev_slider_2_1\" style=\"\" data-version=\"6.5.4\">\n\t\t\t\t\t<rs-slides>\n\t\t\t\t\t\t<rs-slide data-key=\"rs-2\" data-title=\"Slide 1\" data-anim=\"d:20;f:slidebased;\" data-in=\"prst:rndany;o:-0.5;y:(15%);sx:0.8;sy:0.8;row:5;col:5;\">\n\t\t\t\t\t\t\t<img decoding=\"async\" src=\"\/\/rudolphderegil.com\/wp-content\/plugins\/revslider\/public\/assets\/assets\/dummy.png\" alt=\"Slide 1\" title=\"About Us\" class=\"rev-slidebg tp-rs-img rs-lazyload\" data-lazyload=\"\/\/rudolphderegil.com\/wp-content\/plugins\/revslider\/public\/assets\/assets\/transparent.png\" data-bg=\"p:center top;\" data-no-retina>\n<!--\n\t\t\t\t\t\t\t--><rs-layer\n\t\t\t\t\t\t\t\tid=\"slider-2-slide-2-layer-2\" \n\t\t\t\t\t\t\t\tdata-type=\"image\"\n\t\t\t\t\t\t\t\tdata-rsp_ch=\"on\"\n\t\t\t\t\t\t\t\tdata-xy=\"x:c;xo:-190px;y:c;\"\n\t\t\t\t\t\t\t\tdata-text=\"l:22;a:inherit;\"\n\t\t\t\t\t\t\t\tdata-dim=\"w:155px;h:78px;\"\n\t\t\t\t\t\t\t\tdata-frame_1=\"st:500;sp:600;sR:500;\"\n\t\t\t\t\t\t\t\tdata-frame_999=\"st:w;sR:7900;auto:true;\"\n\t\t\t\t\t\t\t\tstyle=\"z-index:6;\"\n\t\t\t\t\t\t\t><rs-bg-elem style=\"position:absolute; top:0px;left:0px;\"><\/rs-bg-elem>\n<img loading=\"lazy\" decoding=\"async\" src=\"\/\/rudolphderegil.com\/wp-content\/plugins\/revslider\/public\/assets\/assets\/dummy.png\" class=\"tp-rs-img rs-lazyload\" width=\"300\" height=\"150\" data-lazyload=\"\/\/rudolphderegil.com\/wp-content\/uploads\/2021\/10\/nosotros_bar.png\" data-no-retina> \n\t\t\t\t\t\t\t<\/rs-layer><!--\n\n\t\t\t\t\t\t\t--><rs-layer\n\t\t\t\t\t\t\t\tid=\"slider-2-slide-2-layer-3\" \n\t\t\t\t\t\t\t\tdata-type=\"image\"\n\t\t\t\t\t\t\t\tdata-rsp_ch=\"on\"\n\t\t\t\t\t\t\t\tdata-xy=\"x:c;y:c;yo:1px;\"\n\t\t\t\t\t\t\t\tdata-text=\"l:22;a:inherit;\"\n\t\t\t\t\t\t\t\tdata-dim=\"w:118px;h:59px;\"\n\t\t\t\t\t\t\t\tdata-frame_1=\"st:500;sp:600;sR:500;\"\n\t\t\t\t\t\t\t\tdata-frame_999=\"st:w;sR:7900;auto:true;\"\n\t\t\t\t\t\t\t\tstyle=\"z-index:7;\"\n\t\t\t\t\t\t\t><rs-bg-elem style=\"position:absolute; top:0px;left:0px;\"><\/rs-bg-elem>\n<img loading=\"lazy\" decoding=\"async\" src=\"\/\/rudolphderegil.com\/wp-content\/plugins\/revslider\/public\/assets\/assets\/dummy.png\" class=\"tp-rs-img rs-lazyload\" width=\"300\" height=\"150\" data-lazyload=\"\/\/rudolphderegil.com\/wp-content\/uploads\/2021\/10\/nosotros_aila.png\" data-no-retina> \n\t\t\t\t\t\t\t<\/rs-layer><!--\n\n\t\t\t\t\t\t\t--><rs-layer\n\t\t\t\t\t\t\t\tid=\"slider-2-slide-2-layer-4\" \n\t\t\t\t\t\t\t\tdata-type=\"image\"\n\t\t\t\t\t\t\t\tdata-rsp_ch=\"on\"\n\t\t\t\t\t\t\t\tdata-xy=\"x:c;xo:190px;y:c;\"\n\t\t\t\t\t\t\t\tdata-text=\"l:22;a:inherit;\"\n\t\t\t\t\t\t\t\tdata-dim=\"w:111px;h:56px;\"\n\t\t\t\t\t\t\t\tdata-frame_1=\"st:500;sp:600;sR:500;\"\n\t\t\t\t\t\t\t\tdata-frame_999=\"st:w;sR:7900;auto:true;\"\n\t\t\t\t\t\t\t\tstyle=\"z-index:8;\"\n\t\t\t\t\t\t\t><rs-bg-elem style=\"position:absolute; top:0px;left:0px;\"><\/rs-bg-elem>\n<img loading=\"lazy\" decoding=\"async\" src=\"\/\/rudolphderegil.com\/wp-content\/plugins\/revslider\/public\/assets\/assets\/dummy.png\" class=\"tp-rs-img rs-lazyload\" width=\"300\" height=\"150\" data-lazyload=\"\/\/rudolphderegil.com\/wp-content\/uploads\/2021\/10\/nosotros_aclu.png\" data-no-retina> \n\t\t\t\t\t\t\t<\/rs-layer><!--\n-->\t\t\t\t\t\t<\/rs-slide>\n\t\t\t\t\t<\/rs-slides>\n\t\t\t\t<\/rs-module>\n\t\t\t\t<script type=\"text\/javascript\">\n\t\t\t\t\tsetREVStartSize({c: 'rev_slider_2_1',rl:[1240,1024,778,480],el:[100],gw:[1140],gh:[100],type:'standard',justify:'',layout:'fullwidth',mh:\"0\"});\n\t\t\t\t<\/script>\n\t\t\t<\/rs-module-wrap>\n\t\t\t<!-- END REVOLUTION SLIDER -->\n<\/div><\/div><\/div><\/div>","protected":false},"excerpt":{"rendered":"<p>Rudolph, De Regil es una firma binacional de abogados en el \u00e1rea de San Diego, con m\u00e1s de 30 a\u00f1os de experiencia enfocados en ayudar a nuestros clientes en lo que respecta a sus necesidades de inmigraci\u00f3n, brindando atenci\u00f3n 100% personalizada y una excelente experiencia a todos nuestros clientes. Apoyamos nuevos prospectos mensualmente para ayudarlos&#8230;<\/p>","protected":false},"author":1,"featured_media":0,"parent":0,"menu_order":0,"comment_status":"closed","ping_status":"closed","template":"","meta":{"footnotes":""},"class_list":["post-7778","page","type-page","status-publish","hentry"],"_links":{"self":[{"href":"https:\/\/rudolphderegil.com\/en\/wp-json\/wp\/v2\/pages\/7778","targetHints":{"allow":["GET"]}}],"collection":[{"href":"https:\/\/rudolphderegil.com\/en\/wp-json\/wp\/v2\/pages"}],"about":[{"href":"https:\/\/rudolphderegil.com\/en\/wp-json\/wp\/v2\/types\/page"}],"author":[{"embeddable":true,"href":"https:\/\/rudolphderegil.com\/en\/wp-json\/wp\/v2\/users\/1"}],"replies":[{"embeddable":true,"href":"https:\/\/rudolphderegil.com\/en\/wp-json\/wp\/v2\/comments?post=7778"}],"version-history":[{"count":59,"href":"https:\/\/rudolphderegil.com\/en\/wp-json\/wp\/v2\/pages\/7778\/revisions"}],"predecessor-version":[{"id":988016,"href":"https:\/\/rudolphderegil.com\/en\/wp-json\/wp\/v2\/pages\/7778\/revisions\/988016"}],"wp:attachment":[{"href":"https:\/\/rudolphderegil.com\/en\/wp-json\/wp\/v2\/media?parent=7778"}],"curies":[{"name":"wp","href":"https:\/\/api.w.org\/{rel}","templated":true}]}}