{"id":9473,"date":"2014-09-28T00:23:46","date_gmt":"2014-09-28T00:23:46","guid":{"rendered":"http:\/\/lawyers-attorneys.vamtam.com\/?page_id=9473"},"modified":"2021-10-01T15:31:05","modified_gmt":"2021-10-01T22:31:05","slug":"carlos-de-regil","status":"publish","type":"page","link":"https:\/\/rudolphderegil.com\/en\/abogados\/carlos-de-regil\/","title":{"rendered":"Carlos de Regil"},"content":{"rendered":"<div class=\"row\"><div class=\"wpv-grid grid-2-3  wpv-first-level first has-background unextended\" style=\"\t\t\t\tbackground: url( 'http:\/\/rudolphderegil.com\/wp-content\/uploads\/2021\/09\/abogados_de-regil.jpg' ) no-repeat center top;\t\t\t\tbackground-size: auto;\t\t\tpadding-top:400px;padding-bottom:0px\" id=\"wpv-column-0c8d3449de080c7ca4a20c724dfcdd3c\" ><\/div>\n<div class=\"wpv-grid grid-1-3 add-border wpv-first-level unextended\" style=\"padding-top:20px;padding-bottom:15px\" id=\"wpv-column-b7aed42fea9a294cb83d05da66389b97\" ><div class=\"row\"><div class=\"wpv-grid grid-1-1  first unextended animation-fade-in animated-active\" style=\"padding-top:0px;padding-bottom:0px\" id=\"wpv-column-e65e554785f59b2214f8cce8be2afee9\" ><h4 style=\"padding-left: 20px;\">CONTACT<\/h4>\n<p style=\"padding-left: 20px;\">+52 664 686 6860<div class=\"push\" style='height:10px'><\/div>\n<h4 style=\"padding-left: 20px;\">AREAS OF EXPERTISE<\/h4>\n<p style=\"padding-left: 20px;\">Immigration and Waivers<br \/>\n<div class=\"push\" style='height:10px'><\/div>\n<h4 style=\"padding-left: 20px;\">EDUCATION<\/h4>\n<p style=\"padding-left: 20px;\"><strong>UABC<\/strong><br \/>\nLicenciado en Derecho<\/p>\n<p style=\"padding-left: 20px;\"><strong>USD<\/strong><br \/>\nBachelor in International Relations<br \/>\nMaster of Comparative Law<\/div><\/div><\/div><\/div>\n<div class=\"push\" style='height:50px'><\/div>\n<div class=\"row\"><div class=\"wpv-grid grid-1-1  wpv-first-level first unextended\" style=\"padding-top:0px;padding-bottom:0px\" id=\"wpv-column-27580bcd3f630a33246b28d48fc2270d\" ><div class=\"clearfix dropcap-wrapper\"><div class=\"dropcap-left\"><span class='dropcap1'>C<\/span><\/div><div class=\"dropcap-text\">ONSIDERED THE REFERENT IN UNITED STATES IMMIGRATION MATTERS IN THE NORTH WEST OF MEXICO.<\/div> <\/div>\n<div class=\"push\" style='height:20px'><\/div>\n<p><span style=\"font-weight: 400;\">Licenciado en Derecho (Law Licentiate) in the Autonomous University of Baja California. He also has a Bachelor in International Relations at the San Diego University, as well as a Master in Comparative Law at the University of San Diego.\u00a0<\/span><\/p>\n<p><span style=\"font-weight: 400;\">He's backed by more than 26 years and thousands of successful cases of families, entrepreneurs and professionals who have achieved their immigration goals. He strives to provide the best experience for each and every client, through honesty and transparency in all of their work. <\/span><\/p>\n<div class=\"push\" style='height:20px'><\/div><\/div><\/div>\n<div class=\"row\"><div class=\"wpv-grid grid-1-1  wpv-first-level first unextended animation-from-bottom animated-active\" style=\"padding-top:15px;padding-bottom:15px\" id=\"wpv-column-7582dd7c6a24943124e5b82bcea6a8e1\" >\t\t<div class=\"sep-text single centered\">\n\t\t\t\t\t\t\t<span class=\"sep-text-before\"><div class=\"sep-text-line\"><\/div><\/span>\n\t\t\t\t\t\t<div class=\"content\">\n\t\t\t\t<h2 class=\"text-divider-double\">CONTACT US<\/h2>\t\t\t<\/div>\n\t\t\t<span class=\"sep-text-after\"><div class=\"sep-text-line\"><\/div><\/span>\n\t\t\t\t\t<\/div>\n\t<div class=\"push\" style='height:10px'><\/div>\n<div class=\"row\"><div class=\"wpv-grid grid-1-1  first unextended\" style=\"padding-top:0px;padding-bottom:0px\" id=\"wpv-column-a3a5af9423d19534175495742d02e549\" ><p><div role=\"form\" class=\"wpcf7\" id=\"wpcf7-f9476-o1\" lang=\"en-US\" dir=\"ltr\">\n<div class=\"screen-reader-response\"><p role=\"status\" aria-live=\"polite\" aria-atomic=\"true\"><\/p> <ul><\/ul><\/div>\n<form action=\"\/en\/wp-json\/wp\/v2\/pages\/9473#wpcf7-f9476-o1\" method=\"post\" class=\"wpcf7-form init\" novalidate=\"novalidate\" data-status=\"init\" data-trp-original-action=\"\/en\/wp-json\/wp\/v2\/pages\/9473#wpcf7-f9476-o1\">\n<div style=\"display: none;\">\n<input type=\"hidden\" name=\"_wpcf7\" value=\"9476\" \/>\n<input type=\"hidden\" name=\"_wpcf7_version\" value=\"5.5.6\" \/>\n<input type=\"hidden\" name=\"_wpcf7_locale\" value=\"en_US\" \/>\n<input type=\"hidden\" name=\"_wpcf7_unit_tag\" value=\"wpcf7-f9476-o1\" \/>\n<input type=\"hidden\" name=\"_wpcf7_container_post\" value=\"0\" \/>\n<input type=\"hidden\" name=\"_wpcf7_posted_data_hash\" value=\"\" \/>\n<input type=\"hidden\" name=\"_wpcf7_recaptcha_response\" value=\"\" \/>\n<\/div>\n<div class=\"row\">\n<div class=\"grid-1-3\">\n\t\t\t<span class=\"wpcf7-form-control-wrap Name\"><input type=\"text\" name=\"Name\" value=\"\" size=\"40\" class=\"wpcf7-form-control wpcf7-text wpcf7-validates-as-required\" aria-required=\"true\" aria-invalid=\"false\" placeholder=\"Name\" \/><\/span>\n\t\t<\/div>\n<div class=\"grid-1-3\">\n\t\t\t<span class=\"wpcf7-form-control-wrap E-mail\"><input type=\"text\" name=\"E-mail\" value=\"\" size=\"40\" class=\"wpcf7-form-control wpcf7-text wpcf7-validates-as-required\" aria-required=\"true\" aria-invalid=\"false\" placeholder=\"E-mail\" \/><\/span>\n\t\t<\/div>\n<div class=\"grid-1-3\">\n\t\t\t<span class=\"wpcf7-form-control-wrap Phone\"><input type=\"text\" name=\"Phone\" value=\"\" size=\"40\" class=\"wpcf7-form-control wpcf7-text\" aria-invalid=\"false\" placeholder=\"Phone\" \/><\/span>\n\t\t<\/div>\n<div class=\"grid-1-1\">\n\t\t<span class=\"wpcf7-form-control-wrap Message\"><textarea name=\"Message\" cols=\"40\" rows=\"7\" class=\"wpcf7-form-control wpcf7-textarea wpcf7-validates-as-required\" aria-required=\"true\" aria-invalid=\"false\" placeholder=\"Subject\"><\/textarea><\/span>\n\t<\/div>\n<div class=\"grid-1-1\">\n\t\t<input type=\"submit\" value=\"Send Request \u2192\" class=\"wpcf7-form-control has-spinner wpcf7-submit\" \/>\n\t<\/div>\n<\/div>\n<div class=\"wpcf7-response-output\" aria-hidden=\"true\"><\/div><input type=\"hidden\" name=\"trp-form-language\" value=\"en\"\/><\/form><\/div><\/div><\/div><\/div><\/div>","protected":false},"excerpt":{"rendered":"<p>CONTACTO +52 664 686 6860 \u00c1REAS DE TRABAJO Migraci\u00f3n y perdones EDUCACI\u00d3N UABC Licenciado en Derecho USD Bachelor in International Relations Master of Comparative Law Es Licenciado en Derecho por la Universidad Aut\u00f3noma de Baja California.\u00a0 Curs\u00f3 la carrera de Relaciones Internacionales en la Universidad de San Diego, California. Adem\u00e1s cuenta con una Maestr\u00eda en&#8230;<\/p>","protected":false},"author":1,"featured_media":0,"parent":7774,"menu_order":0,"comment_status":"closed","ping_status":"closed","template":"","meta":{"footnotes":""},"class_list":["post-9473","page","type-page","status-publish","hentry"],"_links":{"self":[{"href":"https:\/\/rudolphderegil.com\/en\/wp-json\/wp\/v2\/pages\/9473","targetHints":{"allow":["GET"]}}],"collection":[{"href":"https:\/\/rudolphderegil.com\/en\/wp-json\/wp\/v2\/pages"}],"about":[{"href":"https:\/\/rudolphderegil.com\/en\/wp-json\/wp\/v2\/types\/page"}],"author":[{"embeddable":true,"href":"https:\/\/rudolphderegil.com\/en\/wp-json\/wp\/v2\/users\/1"}],"replies":[{"embeddable":true,"href":"https:\/\/rudolphderegil.com\/en\/wp-json\/wp\/v2\/comments?post=9473"}],"version-history":[{"count":18,"href":"https:\/\/rudolphderegil.com\/en\/wp-json\/wp\/v2\/pages\/9473\/revisions"}],"predecessor-version":[{"id":987991,"href":"https:\/\/rudolphderegil.com\/en\/wp-json\/wp\/v2\/pages\/9473\/revisions\/987991"}],"up":[{"embeddable":true,"href":"https:\/\/rudolphderegil.com\/en\/wp-json\/wp\/v2\/pages\/7774"}],"wp:attachment":[{"href":"https:\/\/rudolphderegil.com\/en\/wp-json\/wp\/v2\/media?parent=9473"}],"curies":[{"name":"wp","href":"https:\/\/api.w.org\/{rel}","templated":true}]}}