{"id":9482,"date":"2014-09-28T01:06:43","date_gmt":"2014-09-28T01:06:43","guid":{"rendered":"http:\/\/lawyers-attorneys.vamtam.com\/?page_id=9482"},"modified":"2021-10-01T15:30:43","modified_gmt":"2021-10-01T22:30:43","slug":"james-rudolph","status":"publish","type":"page","link":"https:\/\/rudolphderegil.com\/en\/abogados\/james-rudolph\/","title":{"rendered":"James B. Rudolph"},"content":{"rendered":"<div class=\"row\"><div class=\"wpv-grid grid-2-3  wpv-first-level first has-background unextended\" style=\"\t\t\t\tbackground: url( 'http:\/\/rudolphderegil.com\/wp-content\/uploads\/2021\/09\/abogados_rudolph.jpg' ) no-repeat center top;\t\t\t\tbackground-size: auto;\t\t\tpadding-top:400px;padding-bottom:0px\" id=\"wpv-column-4456713489c80e79b4bb0ef631881071\" ><\/div>\n<div class=\"wpv-grid grid-1-3 add-border wpv-first-level unextended\" style=\"padding-top:20px;padding-bottom:15px\" id=\"wpv-column-d2201af2c7c50ce8f2566f8172253dad\" ><div class=\"row\"><div class=\"wpv-grid grid-1-1  first unextended animation-fade-in animated-active\" style=\"padding-top:0px;padding-bottom:0px\" id=\"wpv-column-01d6a19c03371c7d6a9d111acd1531e3\" ><h4 style=\"padding-left: 20px;\">CONTACT<\/h4>\n<p style=\"padding-left: 20px;\">+52 664 686 6860<div class=\"push\" style='height:10px'><\/div>\n<h4 style=\"padding-left: 20px;\">AREAS OF EXPERTISE<\/h4>\n<p style=\"padding-left: 20px;\">Immigration and Accidents<br \/>\n<div class=\"push\" style='height:10px'><\/div>\n<h4 style=\"padding-left: 20px;\">EDUCATION<\/h4>\n<p style=\"padding-left: 20px;\"><strong>UW<\/strong><br \/>\nBachelor in Accounting and Finance<br \/>\nBachelor in Law<\/div><\/div><\/div><\/div>\n<div class=\"push\" style='height:50px'><\/div>\n<div class=\"row\"><div class=\"wpv-grid grid-1-1  wpv-first-level first unextended\" style=\"padding-top:0px;padding-bottom:0px\" id=\"wpv-column-03794f3e4493fb46b268965079d9d2ff\" ><div class=\"clearfix dropcap-wrapper\"><div class=\"dropcap-left\"><span class='dropcap1'>W<\/span><\/div><div class=\"dropcap-text\">O-FOUNDER OF THE RUDOLPH &amp; DE REGIL LAW FIRM, WITH OFFICES IN THE UNITED STATES AND MEXICO.<\/div> <\/div>\n<div class=\"push\" style='height:20px'><\/div>\n<p><span style=\"font-weight: 400;\">He graduated from the University of Wisconsin in 1981 in Accounting and Finance. Shortly after, he obtained Bachelor's Degree in Law, at the Washington School of Law in 1984.<\/span><\/p>\n<p><span style=\"font-weight: 400;\">From 1984 to 1987 the worked in Washington DC at two prestigious corporate law firms.\u00a0<\/span><span style=\"font-weight: 400;\">He has more than 34 years of experience in immigration, helping thousands of families, companies and executives achieve their wish of living and working legally in the United States.<\/span><\/p>\n<p><span style=\"font-weight: 400;\">He's member of the American Immigration Lawyers Association.<\/span><\/div><\/div>\n<div class=\"row\"><div class=\"wpv-grid grid-1-1  wpv-first-level first unextended animation-from-bottom animated-active\" style=\"padding-top:15px;padding-bottom:15px\" id=\"wpv-column-15abc16457fef17e92a272367b1c526a\" >\t\t<div class=\"sep-text single centered\">\n\t\t\t\t\t\t\t<span class=\"sep-text-before\"><div class=\"sep-text-line\"><\/div><\/span>\n\t\t\t\t\t\t<div class=\"content\">\n\t\t\t\t<h2 class=\"text-divider-double\">CONTACT US<\/h2>\t\t\t<\/div>\n\t\t\t<span class=\"sep-text-after\"><div class=\"sep-text-line\"><\/div><\/span>\n\t\t\t\t\t<\/div>\n\t<div class=\"push\" style='height:10px'><\/div>\n<div class=\"row\"><div class=\"wpv-grid grid-1-1  first unextended\" style=\"padding-top:0px;padding-bottom:0px\" id=\"wpv-column-97b1ace56c2e0757baa87c8e1d3a18cd\" ><p><div role=\"form\" class=\"wpcf7\" id=\"wpcf7-f9476-o1\" lang=\"en-US\" dir=\"ltr\">\n<div class=\"screen-reader-response\"><p role=\"status\" aria-live=\"polite\" aria-atomic=\"true\"><\/p> <ul><\/ul><\/div>\n<form action=\"\/en\/wp-json\/wp\/v2\/pages\/9482#wpcf7-f9476-o1\" method=\"post\" class=\"wpcf7-form init\" novalidate=\"novalidate\" data-status=\"init\" data-trp-original-action=\"\/en\/wp-json\/wp\/v2\/pages\/9482#wpcf7-f9476-o1\">\n<div style=\"display: none;\">\n<input type=\"hidden\" name=\"_wpcf7\" value=\"9476\" \/>\n<input type=\"hidden\" name=\"_wpcf7_version\" value=\"5.5.6\" \/>\n<input type=\"hidden\" name=\"_wpcf7_locale\" value=\"en_US\" \/>\n<input type=\"hidden\" name=\"_wpcf7_unit_tag\" value=\"wpcf7-f9476-o1\" \/>\n<input type=\"hidden\" name=\"_wpcf7_container_post\" value=\"0\" \/>\n<input type=\"hidden\" name=\"_wpcf7_posted_data_hash\" value=\"\" \/>\n<input type=\"hidden\" name=\"_wpcf7_recaptcha_response\" value=\"\" \/>\n<\/div>\n<div class=\"row\">\n<div class=\"grid-1-3\">\n\t\t\t<span class=\"wpcf7-form-control-wrap Name\"><input type=\"text\" name=\"Name\" value=\"\" size=\"40\" class=\"wpcf7-form-control wpcf7-text wpcf7-validates-as-required\" aria-required=\"true\" aria-invalid=\"false\" placeholder=\"Name\" \/><\/span>\n\t\t<\/div>\n<div class=\"grid-1-3\">\n\t\t\t<span class=\"wpcf7-form-control-wrap E-mail\"><input type=\"text\" name=\"E-mail\" value=\"\" size=\"40\" class=\"wpcf7-form-control wpcf7-text wpcf7-validates-as-required\" aria-required=\"true\" aria-invalid=\"false\" placeholder=\"E-mail\" \/><\/span>\n\t\t<\/div>\n<div class=\"grid-1-3\">\n\t\t\t<span class=\"wpcf7-form-control-wrap Phone\"><input type=\"text\" name=\"Phone\" value=\"\" size=\"40\" class=\"wpcf7-form-control wpcf7-text\" aria-invalid=\"false\" placeholder=\"Phone\" \/><\/span>\n\t\t<\/div>\n<div class=\"grid-1-1\">\n\t\t<span class=\"wpcf7-form-control-wrap Message\"><textarea name=\"Message\" cols=\"40\" rows=\"7\" class=\"wpcf7-form-control wpcf7-textarea wpcf7-validates-as-required\" aria-required=\"true\" aria-invalid=\"false\" placeholder=\"Subject\"><\/textarea><\/span>\n\t<\/div>\n<div class=\"grid-1-1\">\n\t\t<input type=\"submit\" value=\"Send Request \u2192\" class=\"wpcf7-form-control has-spinner wpcf7-submit\" \/>\n\t<\/div>\n<\/div>\n<div class=\"wpcf7-response-output\" aria-hidden=\"true\"><\/div><input type=\"hidden\" name=\"trp-form-language\" value=\"en\"\/><\/form><\/div><\/div><\/div><\/div><\/div>","protected":false},"excerpt":{"rendered":"<p>CONTACTO +52 664 686 6860 \u00c1REAS DE TRABAJO Migraci\u00f3n y accidentes EDUCACI\u00d3N UW Bachelor in Accounting and Finance Bachelor in Law Graduado de la Universidad de Wisconsin en 1981, con especializaci\u00f3n en contabilidad y finanzas. Graduado de la Facultad de Derecho de Washington School of Law en 1984. De 1984 a 1987 trabaj\u00f3 en Washington&#8230;<\/p>","protected":false},"author":1,"featured_media":0,"parent":7774,"menu_order":0,"comment_status":"closed","ping_status":"closed","template":"","meta":{"footnotes":""},"class_list":["post-9482","page","type-page","status-publish","hentry"],"_links":{"self":[{"href":"https:\/\/rudolphderegil.com\/en\/wp-json\/wp\/v2\/pages\/9482","targetHints":{"allow":["GET"]}}],"collection":[{"href":"https:\/\/rudolphderegil.com\/en\/wp-json\/wp\/v2\/pages"}],"about":[{"href":"https:\/\/rudolphderegil.com\/en\/wp-json\/wp\/v2\/types\/page"}],"author":[{"embeddable":true,"href":"https:\/\/rudolphderegil.com\/en\/wp-json\/wp\/v2\/users\/1"}],"replies":[{"embeddable":true,"href":"https:\/\/rudolphderegil.com\/en\/wp-json\/wp\/v2\/comments?post=9482"}],"version-history":[{"count":7,"href":"https:\/\/rudolphderegil.com\/en\/wp-json\/wp\/v2\/pages\/9482\/revisions"}],"predecessor-version":[{"id":987990,"href":"https:\/\/rudolphderegil.com\/en\/wp-json\/wp\/v2\/pages\/9482\/revisions\/987990"}],"up":[{"embeddable":true,"href":"https:\/\/rudolphderegil.com\/en\/wp-json\/wp\/v2\/pages\/7774"}],"wp:attachment":[{"href":"https:\/\/rudolphderegil.com\/en\/wp-json\/wp\/v2\/media?parent=9482"}],"curies":[{"name":"wp","href":"https:\/\/api.w.org\/{rel}","templated":true}]}}