{"id":98,"date":"2013-03-22T14:19:51","date_gmt":"2013-03-22T14:19:51","guid":{"rendered":"http:\/\/lawyers-attorneys.vamtam.com\/?page_id=31"},"modified":"2021-10-01T15:32:04","modified_gmt":"2021-10-01T22:32:04","slug":"contact-us","status":"publish","type":"page","link":"https:\/\/rudolphderegil.com\/en\/contact-us\/","title":{"rendered":"Cont\u00e1ctanos"},"content":{"rendered":"<div class=\"row\"><div class=\"wpv-grid grid-1-1  wpv-first-level first unextended\" style=\"padding-top:0px;padding-bottom:0px\" id=\"wpv-column-a481790bf2038e099cbb76df2e3e07c5\" >\t\t<h2 class=\"text-divider-double\">\t\t\tVisit us in Tijuana, Mexico\t\t<\/h2>\t\t<div class=\"sep\"><\/div>\t<div class=\"row\"><div class=\"wpv-grid grid-1-1  first unextended animation-fade-in animated-active\" style=\"padding-top:0px;padding-bottom:0px\" id=\"wpv-column-6e42cd1a207f27410cf35fbf0ab0cac6\" ><div class=\"push\" style='margin-bottom:-30px'><\/div>\n<p style=\"text-align: center;\"><span class=\"vamtam-font-style-2 accent-4\">Contact us through the following channels.<\/span><br \/>\n<div class=\"push\" style='height:30px'><\/div><\/div><\/div>\n<div class=\"row\"><div class=\"wpv-grid grid-1-3  first unextended animation-fade-in animated-active\" style=\"padding-top:0px;padding-bottom:0px\" id=\"wpv-column-b62bb8388d59d9c507624e06e0636676\" ><p style=\"text-align: center;\"><span class='icon shortcode theme  use-hover' style='font-size:32px !important;color:#CCA876;'>&#57547;<\/span>\n<p style=\"text-align: center;\">D\u00edaz Ordaz 13251-F3,<br \/>\nLa Escondida, Tijuana, C.P. 22106<br \/>\n<a href=\"https:\/\/goo.gl\/maps\/HFPWnSu5Wwb8FiYMA\">Map \u2192<\/a><\/div>\n<div class=\"wpv-grid grid-1-3  unextended animation-fade-in animated-active\" style=\"padding-top:0px;padding-bottom:0px\" id=\"wpv-column-dfaa8524c77b049d7eaf29c74c05f4fb\" ><p style=\"text-align: center;\"><span class='icon shortcode theme  use-hover' style='font-size:32px !important;color:#CCA876;'>&#57471;<\/span>\n<p style=\"text-align: center;\">MX: +52 664 686 6860<br \/>\nUS: +1 619 734 0238<\/div>\n<div class=\"wpv-grid grid-1-3  unextended animation-fade-in animated-active\" style=\"padding-top:0px;padding-bottom:0px\" id=\"wpv-column-09b8324c53e0190d330ead72d1013b0d\" ><p style=\"text-align: center;\"><span class='icon shortcode theme  use-hover' style='font-size:32px !important;color:#CCA876;'>&#57530;<\/span>\n<p style=\"text-align: center;\">MONDAY \u2013 FRIDAY: 09:00 \u2013 18:00<br \/>\nSATURDAY: 10:00 \u2013 14:00<br \/>\nSUNDAY: CLOSED<\/div><\/div>\n<div class=\"push\" style='margin-bottom:-40px'><\/div>\n<div class=\"sep-3\"><\/div>\n<div class=\"row\"><div class=\"wpv-grid grid-1-1  first unextended animation-zoom-in animated-active\" style=\"padding-top:0px;padding-bottom:0px\" id=\"wpv-column-c063cae60fe53b4123d21ead32047cbd\" ><div class=\"push\" style='margin-bottom:-10px'><\/div><\/div><\/div><\/div><\/div>\n<div class=\"row\"><div class=\"wpv-grid grid-1-1  wpv-first-level first has-background extended\" style=\"background-color:#f5f5f5;padding-top:60px;padding-bottom:30px\" id=\"wpv-column-f723d8e6a600a0041b9d36a5dcbd5b61\" ><div class=\"extended-column-inner\"><style>#wpv-column-f723d8e6a600a0041b9d36a5dcbd5b61 p,#wpv-column-f723d8e6a600a0041b9d36a5dcbd5b61 em,#wpv-column-f723d8e6a600a0041b9d36a5dcbd5b61 .column-title,#wpv-column-f723d8e6a600a0041b9d36a5dcbd5b61 .sep-text h2.regular-title-wrapper,#wpv-column-f723d8e6a600a0041b9d36a5dcbd5b61 .text-divider-double,#wpv-column-f723d8e6a600a0041b9d36a5dcbd5b61 .sep-text .sep-text-line,#wpv-column-f723d8e6a600a0041b9d36a5dcbd5b61 .sep,#wpv-column-f723d8e6a600a0041b9d36a5dcbd5b61 .sep-2,#wpv-column-f723d8e6a600a0041b9d36a5dcbd5b61 .sep-3,#wpv-column-f723d8e6a600a0041b9d36a5dcbd5b61 td,#wpv-column-f723d8e6a600a0041b9d36a5dcbd5b61 th,#wpv-column-f723d8e6a600a0041b9d36a5dcbd5b61 caption{color:#767676;}#wpv-column-f723d8e6a600a0041b9d36a5dcbd5b61:before{background-color:transparent;}<\/style><div class=\"row\"><div class=\"wpv-grid grid-1-1  first unextended animation-from-bottom animated-active\" style=\"padding-top:0px;padding-bottom:0px\" id=\"wpv-column-acd068dc08ca5929d9652a8135388559\" ><p><div role=\"form\" class=\"wpcf7\" id=\"wpcf7-f987729-o1\" lang=\"en-US\" dir=\"ltr\">\n<div class=\"screen-reader-response\"><p role=\"status\" aria-live=\"polite\" aria-atomic=\"true\"><\/p> <ul><\/ul><\/div>\n<form action=\"\/en\/wp-json\/wp\/v2\/pages\/98#wpcf7-f987729-o1\" method=\"post\" class=\"wpcf7-form init\" novalidate=\"novalidate\" data-status=\"init\" data-trp-original-action=\"\/en\/wp-json\/wp\/v2\/pages\/98#wpcf7-f987729-o1\">\n<div style=\"display: none;\">\n<input type=\"hidden\" name=\"_wpcf7\" value=\"987729\" \/>\n<input type=\"hidden\" name=\"_wpcf7_version\" value=\"5.5.6\" \/>\n<input type=\"hidden\" name=\"_wpcf7_locale\" value=\"en_US\" \/>\n<input type=\"hidden\" name=\"_wpcf7_unit_tag\" value=\"wpcf7-f987729-o1\" \/>\n<input type=\"hidden\" name=\"_wpcf7_container_post\" value=\"0\" \/>\n<input type=\"hidden\" name=\"_wpcf7_posted_data_hash\" value=\"\" \/>\n<input type=\"hidden\" name=\"_wpcf7_recaptcha_response\" value=\"\" \/>\n<\/div>\n<div class=\"row\">\n<div class=\"grid-1-3\">\n\t\t\t<span class=\"wpcf7-form-control-wrap Name\"><input type=\"text\" name=\"Name\" value=\"\" size=\"40\" class=\"wpcf7-form-control wpcf7-text wpcf7-validates-as-required\" aria-required=\"true\" aria-invalid=\"false\" placeholder=\"Name\" \/><\/span>\n\t\t<\/div>\n<div class=\"grid-1-3\">\n\t\t\t<span class=\"wpcf7-form-control-wrap E-mail\"><input type=\"text\" name=\"E-mail\" value=\"\" size=\"40\" class=\"wpcf7-form-control wpcf7-text wpcf7-validates-as-required\" aria-required=\"true\" aria-invalid=\"false\" placeholder=\"E-mail\" \/><\/span>\n\t\t<\/div>\n<div class=\"grid-1-3\">\n\t\t\t<span class=\"wpcf7-form-control-wrap Phone\"><input type=\"text\" name=\"Phone\" value=\"\" size=\"40\" class=\"wpcf7-form-control wpcf7-text\" aria-invalid=\"false\" placeholder=\"Phone\" \/><\/span>\n\t\t<\/div>\n<div class=\"grid-1-1\">\n\t\t<span class=\"wpcf7-form-control-wrap Subject\"><input type=\"text\" name=\"Subject\" value=\"\" size=\"40\" class=\"wpcf7-form-control wpcf7-text wpcf7-validates-as-required\" aria-required=\"true\" aria-invalid=\"false\" placeholder=\"Subject\" \/><\/span>\n\t<\/div>\n<div class=\"grid-1-1\">\n\t\t<span class=\"wpcf7-form-control-wrap Message\"><textarea name=\"Message\" cols=\"40\" rows=\"6\" class=\"wpcf7-form-control wpcf7-textarea wpcf7-validates-as-required\" aria-required=\"true\" aria-invalid=\"false\" placeholder=\"Message\"><\/textarea><\/span>\n\t<\/div>\n<div style= \"text-align: center;\"><input type=\"submit\" value=\"Send Message \u2192\" class=\"wpcf7-form-control has-spinner wpcf7-submit\" \/><\/div>\n<\/div>\n<div class=\"wpcf7-response-output\" aria-hidden=\"true\"><\/div><input type=\"hidden\" name=\"trp-form-language\" value=\"en\"\/><\/form><\/div><\/div><\/div><\/div><\/div><\/div>","protected":false},"excerpt":{"rendered":"<p>Cont\u00e1ctanos a trav\u00e9s de los medios a continuaci\u00f3n. D\u00edaz Ordaz 13251-F3, La Escondida, Tijuana, C.P. 22106 Mapa \u2192 MX: +52 664 686 6860 US: +1 619 734 0238 LUNES \u2013 VIERNES: 09:00 \u2013 18:00 S\u00c1BADO: 10:00 \u2013 14:00 DOMINGO: CERRADO<\/p>","protected":false},"author":1,"featured_media":0,"parent":0,"menu_order":3,"comment_status":"closed","ping_status":"closed","template":"","meta":{"footnotes":""},"class_list":["post-98","page","type-page","status-publish","hentry"],"_links":{"self":[{"href":"https:\/\/rudolphderegil.com\/en\/wp-json\/wp\/v2\/pages\/98","targetHints":{"allow":["GET"]}}],"collection":[{"href":"https:\/\/rudolphderegil.com\/en\/wp-json\/wp\/v2\/pages"}],"about":[{"href":"https:\/\/rudolphderegil.com\/en\/wp-json\/wp\/v2\/types\/page"}],"author":[{"embeddable":true,"href":"https:\/\/rudolphderegil.com\/en\/wp-json\/wp\/v2\/users\/1"}],"replies":[{"embeddable":true,"href":"https:\/\/rudolphderegil.com\/en\/wp-json\/wp\/v2\/comments?post=98"}],"version-history":[{"count":5,"href":"https:\/\/rudolphderegil.com\/en\/wp-json\/wp\/v2\/pages\/98\/revisions"}],"predecessor-version":[{"id":987992,"href":"https:\/\/rudolphderegil.com\/en\/wp-json\/wp\/v2\/pages\/98\/revisions\/987992"}],"wp:attachment":[{"href":"https:\/\/rudolphderegil.com\/en\/wp-json\/wp\/v2\/media?parent=98"}],"curies":[{"name":"wp","href":"https:\/\/api.w.org\/{rel}","templated":true}]}}